{"id":4758,"date":"2015-06-12T10:47:41","date_gmt":"2015-06-12T08:47:41","guid":{"rendered":"http:\/\/ndijdiqr.preview.infomaniak.website\/de\/home-2\/"},"modified":"2022-01-11T10:13:09","modified_gmt":"2022-01-11T09:13:09","slug":"willkommen","status":"publish","type":"page","link":"https:\/\/hotelnegociants.ch\/de\/","title":{"rendered":"Willkommen"},"content":{"rendered":"<div  class=\"one withsmallpadding ppb_header \" style=\"text-align:left;padding:30px 0 30px 0;\" >\n<div class=\"standard_wrapper\">\n<div class=\"page_content_wrapper\">\n<div class=\"inner\">\n<div style=\"margin:auto;width:100%%;\"><\/div>\n<\/div>\n<\/div>\n<\/div>\n<div  class=\"one ppb_card_two_cols_with_image\" style=\"position:relative;padding:0px 0 0px 0;\" >\n<div class=\"standard_wrapper\">\n<div class=\"page_content_wrapper\">\n<div class=\"inner\">\n<div class=\"one_half parallax_scroll\" style=\"width:50%;position:absolute;left:90px;padding:0px;z-index:2;block !important;background:#fff;\" data-stellar-ratio=\"1.3\">\n<h2 class=\"ppb_title\" ><span class=\"ppb_title_first\" ><\/span>Entdecken Sie unsere Philosophie<\/h2>\n<div class=\"page_header_sep left\" ><\/div>\n<div class=\"wpb_text_column wpb_content_element \">\n<div class=\"wpb_wrapper\">\n<div class=\"wpb_text_column wpb_content_element \">\n<div class=\"wpb_wrapper\">\n<p style=\"font-style: italic; color: #322f20;\">Unsere angeborene Freude am Umgang mit Menschen hat uns dazu gebracht, unser Leben dem faszinierenden Bereich der Gastronomie und Hotellerie zu widmen.<\/p>\n<p style=\"font-style: italic; color: #322f20;\">Wir sehen es als unsere Berufung, unseren G\u00e4sten eine komfortable Unterkunft zu bieten und genussvolle kulinarische Erlebnisse mit ihnen zu eilen.<\/p>\n<\/div>\n<\/div>\n<\/div>\n<\/div>\n<\/div>\n<div class=\"one_half parallax_scroll_image last\" style=\"width:50%;\"><\/div>\n<p><br class=\"clear\"\/><\/div>\n<\/div>\n<\/div>\n<\/div>\n<div  class=\"one ppb_card_two_cols_with_image\" style=\"position:relative;padding:0px 0 0px 0;\" >\n<div class=\"standard_wrapper\">\n<div class=\"page_content_wrapper\">\n<div class=\"inner\">\n<div class=\"one_half parallax_scroll\" style=\"width:50%;position:absolute;left:90px;padding:0px;z-index:2;block !important;background:#fff;\" data-stellar-ratio=\"1.3\">\n<h2 class=\"ppb_title\" ><span class=\"ppb_title_first\" ><\/span>Entdecken Sie unsere Philosophie<\/h2>\n<div class=\"page_header_sep left\" ><\/div>\n<div class=\"wpb_text_column wpb_content_element \">\n<div class=\"wpb_wrapper\">\n<div class=\"wpb_text_column wpb_content_element \">\n<div class=\"wpb_wrapper\">\n<p style=\"font-style: italic; color: #322f20;\">Unsere angeborene Freude am Umgang mit Menschen hat uns dazu gebracht, unser Leben dem faszinierenden Bereich der Gastronomie und Hotellerie zu widmen.<\/p>\n<p style=\"font-style: italic; color: #322f20;\">Wir sehen es als unsere Berufung, unseren G\u00e4sten eine komfortable Unterkunft zu bieten und genussvolle kulinarische Erlebnisse mit ihnen zu eilen.<\/p>\n<\/div>\n<\/div>\n<\/div>\n<\/div>\n<\/div>\n<div class=\"one_half parallax_scroll_image last\" style=\"width:50%;\"><\/div>\n<p><br class=\"clear\"\/><\/div>\n<\/div>\n<\/div>\n<\/div>\n<div  class=\"one ppb_card_two_cols_with_image\" style=\"position:relative;padding:0px 0 0px 0;\" >\n<div class=\"standard_wrapper\">\n<div class=\"page_content_wrapper\">\n<div class=\"inner\">\n<div class=\"one_half parallax_scroll\" style=\"width:50%;position:absolute;left:90px;padding:0px;z-index:2;block !important;background:#fff;\" data-stellar-ratio=\"1.3\">\n<h2 class=\"ppb_title\" ><span class=\"ppb_title_first\" >Unser<\/span>Hotel<\/h2>\n<div class=\"page_header_sep left\" ><\/div>\n<p style=\"color: #4e4635;\"><a href=\"https:\/\/hotel-les-negociants-sarl.amenitiz.io\/fr\/booking\/room\" target=\"_blank\" rel=\"noopener\"><strong style=\"font-weight: bold; font-style: inherit;\"><em style=\"font-weight: inherit; font-style: italic;\">23 Zimmer<\/em><\/strong><\/a>\u00a0: Ob allein, zu zweit, in der Gruppe oder mit der Familie \u2013 hier werden Sie sich garantiert wohlf\u00fchlen.<\/p>\n<p style=\"color: #4e4635;\">Das Fr\u00fchst\u00fcck (CHF 15.-) servieren wir Ihnen im gem\u00fctlichen Restaurant, dessen Fenster den Blick auf die ruhigen Gassen der Altstadt freigeben.<\/p>\n<\/div>\n<div class=\"one_half parallax_scroll_image last\" style=\"width:50%;\"><\/div>\n<p><br class=\"clear\"\/><\/div>\n<\/div>\n<\/div>\n<\/div>\n<div  class=\"one ppb_card_two_cols_with_image\" style=\"position:relative;padding:0px 0 0px 0;\" >\n<div class=\"standard_wrapper\">\n<div class=\"page_content_wrapper\">\n<div class=\"inner\">\n<div class=\"one_half parallax_scroll\" style=\"width:50%;position:absolute;left:90px;padding:0px;z-index:2;block !important;background:#fff;\" data-stellar-ratio=\"1.3\">\n<h2 class=\"ppb_title\" ><span class=\"ppb_title_first\" >Unser<\/span>Hotel<\/h2>\n<div class=\"page_header_sep left\" ><\/div>\n<p style=\"color: #4e4635;\"><a href=\"https:\/\/hotel-les-negociants-sarl.amenitiz.io\/fr\/booking\/room\" target=\"_blank\" rel=\"noopener\"><strong style=\"font-weight: bold; font-style: inherit;\"><em style=\"font-weight: inherit; font-style: italic;\">23 Zimmer<\/em><\/strong><\/a>\u00a0: Ob allein, zu zweit, in der Gruppe oder mit der Familie \u2013 hier werden Sie sich garantiert wohlf\u00fchlen.<\/p>\n<p style=\"color: #4e4635;\">Das Fr\u00fchst\u00fcck (CHF 15.-) servieren wir Ihnen im gem\u00fctlichen Restaurant, dessen Fenster den Blick auf die ruhigen Gassen der Altstadt freigeben.<\/p>\n<\/div>\n<div class=\"one_half parallax_scroll_image last\" style=\"width:50%;\"><\/div>\n<p><br class=\"clear\"\/><\/div>\n<\/div>\n<\/div>\n<\/div>\n<div  class=\"one ppb_card_two_cols_with_image\" style=\"position:relative;padding:0px 0 0px 0;\" >\n<div class=\"standard_wrapper\">\n<div class=\"page_content_wrapper\">\n<div class=\"inner\">\n<div class=\"one_half parallax_scroll\" style=\"width:50%;position:absolute;left:90px;padding:0px;z-index:2;block !important;background:#fff;\" data-stellar-ratio=\"1.3\">\n<h2 class=\"ppb_title\" ><span class=\"ppb_title_first\" >Unser<\/span>Hotel<\/h2>\n<div class=\"page_header_sep left\" ><\/div>\n<p style=\"color: #4e4635;\"><a href=\"https:\/\/hotel-les-negociants-sarl.amenitiz.io\/fr\/booking\/room\" target=\"_blank\" rel=\"noopener\"><strong style=\"font-weight: bold; font-style: inherit;\"><em style=\"font-weight: inherit; font-style: italic;\">23 Zimmer<\/em><\/strong><\/a>\u00a0: Ob allein, zu zweit, in der Gruppe oder mit der Familie \u2013 hier werden Sie sich garantiert wohlf\u00fchlen.<\/p>\n<p style=\"color: #4e4635;\">Das Fr\u00fchst\u00fcck (CHF 15.-) servieren wir Ihnen im gem\u00fctlichen Restaurant, dessen Fenster den Blick auf die ruhigen Gassen der Altstadt freigeben.<\/p>\n<\/div>\n<div class=\"one_half parallax_scroll_image last\" style=\"width:50%;\"><\/div>\n<p><br class=\"clear\"\/><\/div>\n<\/div>\n<\/div>\n<\/div>\n<div  class=\"one ppb_card_two_cols_with_image\" style=\"position:relative;padding:0px 0 0px 0;\" >\n<div class=\"standard_wrapper\">\n<div class=\"page_content_wrapper\">\n<div class=\"inner\">\n<div class=\"one_half parallax_scroll\" style=\"width:50%;position:absolute;left:90px;padding:0px;z-index:2;block !important;background:#fff;\" data-stellar-ratio=\"1.3\">\n<h2 class=\"ppb_title\" ><span class=\"ppb_title_first\" >Unser<\/span>Hotel<\/h2>\n<div class=\"page_header_sep left\" ><\/div>\n<p style=\"color: #4e4635;\"><a href=\"https:\/\/hotel-les-negociants-sarl.amenitiz.io\/fr\/booking\/room\" target=\"_blank\" rel=\"noopener\"><strong style=\"font-weight: bold; font-style: inherit;\"><em style=\"font-weight: inherit; font-style: italic;\">23 Zimmer<\/em><\/strong><\/a>\u00a0: Ob allein, zu zweit, in der Gruppe oder mit der Familie \u2013 hier werden Sie sich garantiert wohlf\u00fchlen.<\/p>\n<p style=\"color: #4e4635;\">Das Fr\u00fchst\u00fcck (CHF 15.-) servieren wir Ihnen im gem\u00fctlichen Restaurant, dessen Fenster den Blick auf die ruhigen Gassen der Altstadt freigeben.<\/p>\n<\/div>\n<div class=\"one_half parallax_scroll_image last\" style=\"width:50%;\"><\/div>\n<p><br class=\"clear\"\/><\/div>\n<\/div>\n<\/div>\n<\/div>\n<div  class=\"one withsmallpadding ppb_header \" style=\"text-align:left;padding:30px 0 30px 0;\" >\n<div class=\"standard_wrapper\">\n<div class=\"page_content_wrapper\">\n<div class=\"inner\">\n<div style=\"margin:auto;width:100%%;\">\n<h2 class=\"ppb_title\" style=\"\"><span class=\"ppb_title_first\" >Unser<\/span>t\u00e4gliches Men\u00fc<\/h2>\n<div class=\"page_header_sep left\"><\/div>\n<h3 style=\"text-align: center;\"><a href=\"https:\/\/hotelnegociants.ch\/menu-du-jour\/\"><img decoding=\"async\" loading=\"lazy\" class=\"aligncenter wp-image-5418 size-full\" src=\"https:\/\/hotelnegociants.ch\/wp-content\/uploads\/2015\/06\/logo_menu.png\" alt=\"\" width=\"139\" height=\"100\" \/><\/a><\/h3>\n<\/div>\n<\/div>\n<\/div>\n<\/div>\n<div  class=\"ppb_menu_multiple one nopadding \" style=\"padding:0px 0 0px 0;\" >\n<div class=\"page_content_wrapper fullwidth\">Please select at least 1 menu category.<\/div>\n<\/div>\n<div  class=\"ppb_menu_multiple one nopadding \" style=\"padding:0px 0 0px 0;\" >\n<div class=\"page_content_wrapper fullwidth\">Please select at least 1 menu category.<\/div>\n<\/div>\n<div  class=\"one ppb_card_two_cols_with_image\" style=\"position:relative;padding:0px 0 0px 0;\" >\n<div class=\"standard_wrapper\">\n<div class=\"page_content_wrapper\">\n<div class=\"inner\">\n<div class=\"one_half parallax_scroll\" style=\"width:50%;position:absolute;left:90px;padding:0px;z-index:2;block !important;background:#fff;\" data-stellar-ratio=\"1.3\">\n<h2 class=\"ppb_title\" ><span class=\"ppb_title_first\" >Unser<\/span>Restaurant<\/h2>\n<div class=\"page_header_sep left\" ><\/div>\n<p><strong style=\"font-weight: bold; color: #4e4635;\">Drinnen oder draussen\u00a0?<\/strong><span style=\"color: #4e4635;\"> Falls das Wetter es erlaubt, haben Sie die freie Wahl. Und auch die Auswahl der Speisen wird Sie begeistern. Der K\u00fcchenchef und sein Team verw\u00f6hnen Sie mit einer abwechslungsreichen Palette von Gaumenfreuden:\u00a0<\/span><strong style=\"font-weight: bold; color: #4e4635;\">Els\u00e4sser Spezialit\u00e4ten, Fisch (unter anderem aus dem Genfersee), Grillspezialit\u00e4ten serviert auf heissem Stein, K\u00f6stlichkeiten aus unserer Brasserie, hausgemachte Desserts<\/strong><span style=\"color: #4e4635;\"> \u2026 zum Beispiel.<\/span><\/div>\n<div class=\"one_half parallax_scroll_image last\" style=\"width:50%;\"><\/div>\n<p><br class=\"clear\"\/><\/div>\n<\/div>\n<\/div>\n<\/div>\n<div  class=\"one ppb_card_two_cols_with_image\" style=\"position:relative;padding:0px 0 0px 0;\" >\n<div class=\"standard_wrapper\">\n<div class=\"page_content_wrapper\">\n<div class=\"inner\">\n<div class=\"one_half parallax_scroll\" style=\"width:50%;position:absolute;left:90px;padding:0px;z-index:2;block !important;background:#fff;\" data-stellar-ratio=\"1.3\">\n<h2 class=\"ppb_title\" ><span class=\"ppb_title_first\" >Unser<\/span>Restaurant<\/h2>\n<div class=\"page_header_sep left\" ><\/div>\n<p><strong style=\"font-weight: bold; color: #4e4635;\">Drinnen oder draussen\u00a0?<\/strong><span style=\"color: #4e4635;\"> Falls das Wetter es erlaubt, haben Sie die freie Wahl. Und auch die Auswahl der Speisen wird Sie begeistern. Der K\u00fcchenchef und sein Team verw\u00f6hnen Sie mit einer abwechslungsreichen Palette von Gaumenfreuden:\u00a0<\/span><strong style=\"font-weight: bold; color: #4e4635;\">Els\u00e4sser Spezialit\u00e4ten, Fisch (unter anderem aus dem Genfersee), Grillspezialit\u00e4ten serviert auf heissem Stein, K\u00f6stlichkeiten aus unserer Brasserie, hausgemachte Desserts<\/strong><span style=\"color: #4e4635;\"> \u2026 zum Beispiel.<\/span><\/div>\n<div class=\"one_half parallax_scroll_image last\" style=\"width:50%;\"><\/div>\n<p><br class=\"clear\"\/><\/div>\n<\/div>\n<\/div>\n<\/div>\n<div  class=\"one withsmallpadding ppb_header \" style=\"text-align:left;padding:30px 0 30px 0;\" >\n<div class=\"standard_wrapper\">\n<div class=\"page_content_wrapper\">\n<div class=\"inner\">\n<div style=\"margin:auto;width:100%%;\">\n<h2 class=\"ppb_title\" style=\"\"><span class=\"ppb_title_first\" >Reservieren<\/span>Sie Ihren Tisch<\/h2>\n<div class=\"page_header_sep left\"><\/div>\n<p class=\"p1\"><span class=\"s1\"><i>Wenn Sie einen Tisch f\u00fcr eine Mahlzeit in weniger als 2 Stunden zu buchen wollen,<br \/>\ndann rufen Sie uns, um zu sehen, ob das Restaurant noch nicht komplett: <strong>021 921 922 70 11<\/strong> (Sonntags und Montags geschlossen)<br \/>\n<\/i><\/span><\/p>\n<div id=\"resmio-les-negociants\"><\/div>\n<p>\t\t\t\t<script>(function(d, s) {\n\t\t\t\t    var js, rjs = d.getElementsByTagName(s)[0];\n\t\t\t\t    js = d.createElement(s);\n\t\t\t\t    js.src = \"\/\/static.resmio.com\/static\/de\/widget.js#id=les-negociants&width=275px&height=400px\";\n\t\t\t\t    rjs.parentNode.insertBefore(js, rjs);\n\t\t\t\t}(document, \"script\"));\n\t\t\t\t<\/script>\n\t        <\/p>\n<\/div>\n<\/div>\n<\/div>\n<\/div>\n<div  class=\"one withsmallpadding ppb_header \" style=\"text-align:left;padding:30px 0 30px 0;\" >\n<div class=\"standard_wrapper\">\n<div class=\"page_content_wrapper\">\n<div class=\"inner\">\n<div style=\"margin:auto;width:100%%;\">\n<h2 class=\"ppb_title\" style=\"\"><span class=\"ppb_title_first\" >Reservieren<\/span>Sie Ihren Tisch<\/h2>\n<div class=\"page_header_sep left\"><\/div>\n<p class=\"p1\"><span class=\"s1\"><i>Wenn Sie einen Tisch f\u00fcr eine Mahlzeit in weniger als 2 Stunden zu buchen wollen,<br \/>\ndann rufen Sie uns, um zu sehen, ob das Restaurant noch nicht komplett: <strong>021 921 922 70 11<\/strong> (Sonntags und Montags geschlossen)<br \/>\n<\/i><\/span><\/p>\n<div id=\"resmio-les-negociants\"><\/div>\n<p>\t\t\t\t<script>(function(d, s) {\n\t\t\t\t    var js, rjs = d.getElementsByTagName(s)[0];\n\t\t\t\t    js = d.createElement(s);\n\t\t\t\t    js.src = \"\/\/static.resmio.com\/static\/de\/widget.js#id=les-negociants&width=275px&height=400px\";\n\t\t\t\t    rjs.parentNode.insertBefore(js, rjs);\n\t\t\t\t}(document, \"script\"));\n\t\t\t\t<\/script>\n\t        <\/p>\n<\/div>\n<\/div>\n<\/div>\n<\/div>\n<div  class=\"one withsmallpadding ppb_header \" style=\"text-align:left;padding:30px 0 30px 0;\" >\n<div class=\"standard_wrapper\">\n<div class=\"page_content_wrapper\">\n<div class=\"inner\">\n<div style=\"margin:auto;width:100%%;\">\n<h2 class=\"ppb_title\" style=\"\"><span class=\"ppb_title_first\" >Besuchen<\/span>Sie uns<\/h2>\n<div class=\"page_header_sep left\"><\/div>\n<p>Rue du Conseil 27<br \/>\n1800 Vevey<br \/>\nSuisse<br \/>\n<a href=\"mailto:info@hotelnegociants.ch\">info@hotelnegociants.ch<\/a><br \/>\n<em><strong>T\u00e9l :<\/strong><\/em> <strong>+41 21 922 70 11<\/strong><br \/>\nFax : +41 21 921 34 24<iframe loading=\"lazy\" style=\"border: 0;\" src=\"https:\/\/www.google.com\/maps\/embed?pb=!1m18!1m12!1m3!1d2149.5500345625555!2d6.841816515565358!3d46.45960775061514!2m3!1f0!2f0!3f0!3m2!1i1024!2i768!4f13.1!3m3!1m2!1s0x478e9cd1e5d5ed3d%3A0x580a8e23a15b34fc!2sH%C3%B4tel-Restaurant+les+N%C3%A9gociants!5e0!3m2!1sfr!2sch!4v1473254709995\" width=\"1400\" height=\"600\" frameborder=\"0\" allowfullscreen=\"allowfullscreen\"><\/iframe><\/p>\n<\/div>\n<\/div>\n<\/div>\n<\/div>\n<div  class=\"one withsmallpadding ppb_header \" style=\"text-align:left;padding:30px 0 30px 0;\" >\n<div class=\"standard_wrapper\">\n<div class=\"page_content_wrapper\">\n<div class=\"inner\">\n<div style=\"margin:auto;width:100%%;\">\n<h2 class=\"ppb_title\" style=\"\"><span class=\"ppb_title_first\" >Besuchen<\/span>Sie uns<\/h2>\n<div class=\"page_header_sep left\"><\/div>\n<p>Rue du Conseil 27<br \/>\n1800 Vevey<br \/>\nSuisse<br \/>\n<a href=\"mailto:info@hotelnegociants.ch\">info@hotelnegociants.ch<\/a><br \/>\n<em><strong>T\u00e9l :<\/strong><\/em> <strong>+41 21 922 70 11<\/strong><br \/>\nFax : +41 21 921 34 24<iframe loading=\"lazy\" style=\"border: 0;\" src=\"https:\/\/www.google.com\/maps\/embed?pb=!1m18!1m12!1m3!1d2149.5500345625555!2d6.841816515565358!3d46.45960775061514!2m3!1f0!2f0!3f0!3m2!1i1024!2i768!4f13.1!3m3!1m2!1s0x478e9cd1e5d5ed3d%3A0x580a8e23a15b34fc!2sH%C3%B4tel-Restaurant+les+N%C3%A9gociants!5e0!3m2!1sfr!2sch!4v1473254709995\" width=\"1400\" height=\"600\" frameborder=\"0\" allowfullscreen=\"allowfullscreen\"><\/iframe><\/p>\n<\/div>\n<\/div>\n<\/div>\n<\/div>\n","protected":false},"excerpt":{"rendered":"<p>Entdecken Sie unsere Philosophie Unsere angeborene Freude am Umgang mit Menschen hat uns dazu gebracht, unser Leben dem faszinierenden Bereich der Gastronomie und Hotellerie zu widmen. Wir sehen es als unsere Berufung, unseren G\u00e4sten eine komfortable Unterkunft zu bieten und [&hellip;]<\/p>\n","protected":false},"author":5,"featured_media":0,"parent":0,"menu_order":0,"comment_status":"closed","ping_status":"open","template":"","meta":{"footnotes":""},"class_list":["post-4758","page","type-page","status-publish","hentry"],"_links":{"self":[{"href":"https:\/\/hotelnegociants.ch\/de\/wp-json\/wp\/v2\/pages\/4758","targetHints":{"allow":["GET"]}}],"collection":[{"href":"https:\/\/hotelnegociants.ch\/de\/wp-json\/wp\/v2\/pages"}],"about":[{"href":"https:\/\/hotelnegociants.ch\/de\/wp-json\/wp\/v2\/types\/page"}],"author":[{"embeddable":true,"href":"https:\/\/hotelnegociants.ch\/de\/wp-json\/wp\/v2\/users\/5"}],"replies":[{"embeddable":true,"href":"https:\/\/hotelnegociants.ch\/de\/wp-json\/wp\/v2\/comments?post=4758"}],"version-history":[{"count":99,"href":"https:\/\/hotelnegociants.ch\/de\/wp-json\/wp\/v2\/pages\/4758\/revisions"}],"predecessor-version":[{"id":7759,"href":"https:\/\/hotelnegociants.ch\/de\/wp-json\/wp\/v2\/pages\/4758\/revisions\/7759"}],"wp:attachment":[{"href":"https:\/\/hotelnegociants.ch\/de\/wp-json\/wp\/v2\/media?parent=4758"}],"curies":[{"name":"wp","href":"https:\/\/api.w.org\/{rel}","templated":true}]}}