{"id":4805,"date":"2014-02-28T10:43:55","date_gmt":"2014-02-28T09:43:55","guid":{"rendered":"http:\/\/ndijdiqr.preview.infomaniak.website\/de\/?page_id=4805"},"modified":"2016-09-29T10:17:39","modified_gmt":"2016-09-29T08:17:39","slug":"suite-wohnungen","status":"publish","type":"page","link":"https:\/\/hotelnegociants.ch\/de\/suite-wohnungen\/","title":{"rendered":"Suite &#038; Wohnungen"},"content":{"rendered":"<div class=\"wpb-content-wrapper\"><div class=\"vc_row wpb_row vc_row-fluid\"><div class=\"wpb_column vc_column_container vc_col-sm-12\"><div class=\"vc_column-inner\"><div class=\"wpb_wrapper\">\n\t\t\t<!-- START suite all REVOLUTION SLIDER 6.7.37 --><p class=\"rs-p-wp-fix\"><\/p>\n\t\t\t<rs-module-wrap id=\"rev_slider_21_1_wrapper\" data-source=\"gallery\" style=\"visibility:hidden;background:#262626;padding:0;\">\n\t\t\t\t<rs-module id=\"rev_slider_21_1\" style=\"\" data-version=\"6.7.37\">\n\t\t\t\t\t<rs-slides style=\"overflow: hidden; position: absolute;\">\n\t\t\t\t\t\t<rs-slide style=\"position: absolute;\" data-key=\"rs-59\" data-title=\"Slide\" data-thumb=\"\/\/hotelnegociants.ch\/wp-content\/uploads\/2016\/08\/slider1400x960p_05-100x50.jpg\" data-anim=\"ms:300;r:0;\" data-in=\"o:0;sx:0.6;sy:0.6;\" data-out=\"o:0;sx:1.6;sy:1.6;\">\n\t\t\t\t\t\t\t<img decoding=\"async\" src=\"\/\/hotelnegociants.ch\/wp-content\/plugins\/revslider\/sr6\/assets\/assets\/dummy.png\" alt=\"\" title=\"Suite &#038; Wohnungen\" class=\"rev-slidebg tp-rs-img rs-lazyload\" data-lazyload=\"\/\/hotelnegociants.ch\/wp-content\/uploads\/2016\/08\/slider1400x960p_05.jpg\" data-bg=\"p:center top;\" data-no-retina>\n<!--\n\t\t\t\t\t\t\t--><rs-layer\n\t\t\t\t\t\t\t\tid=\"slider-21-slide-59-layer-1\" \n\t\t\t\t\t\t\t\tclass=\"title-first-word\"\n\t\t\t\t\t\t\t\tdata-type=\"text\"\n\t\t\t\t\t\t\t\tdata-color=\"rgba(207,166,112,1)\"\n\t\t\t\t\t\t\t\tdata-rsp_ch=\"on\"\n\t\t\t\t\t\t\t\tdata-xy=\"x:171px;y:c;yo:75px;\"\n\t\t\t\t\t\t\t\tdata-text=\"s:60;l:50;\"\n\t\t\t\t\t\t\t\tdata-frame_1=\"st:550;\"\n\t\t\t\t\t\t\t\tdata-frame_999=\"st:w;auto:true;\"\n\t\t\t\t\t\t\t\tstyle=\"z-index:8;font-family:'Kristi';\"\n\t\t\t\t\t\t\t> \n\t\t\t\t\t\t\t<\/rs-layer><!--\n\n\t\t\t\t\t\t\t--><rs-layer\n\t\t\t\t\t\t\t\tid=\"slider-21-slide-59-layer-2\" \n\t\t\t\t\t\t\t\tclass=\"title\"\n\t\t\t\t\t\t\t\tdata-type=\"text\"\n\t\t\t\t\t\t\t\tdata-color=\"rgba(255,255,255,1)\"\n\t\t\t\t\t\t\t\tdata-rsp_ch=\"on\"\n\t\t\t\t\t\t\t\tdata-xy=\"x:174px;y:c;yo:122px;\"\n\t\t\t\t\t\t\t\tdata-text=\"s:50;ls:-3px;fw:300;\"\n\t\t\t\t\t\t\t\tdata-frame_1=\"st:620;\"\n\t\t\t\t\t\t\t\tdata-frame_999=\"st:w;auto:true;\"\n\t\t\t\t\t\t\t\tstyle=\"z-index:9;font-family:'Lato';text-transform:uppercase;\"\n\t\t\t\t\t\t\t> \n\t\t\t\t\t\t\t<\/rs-layer><!--\n\n\t\t\t\t\t\t\t--><rs-layer\n\t\t\t\t\t\t\t\tid=\"slider-21-slide-59-layer-3\" \n\t\t\t\t\t\t\t\tclass=\"sub-title\"\n\t\t\t\t\t\t\t\tdata-type=\"text\"\n\t\t\t\t\t\t\t\tdata-color=\"rgba(255,255,255,1)\"\n\t\t\t\t\t\t\t\tdata-rsp_ch=\"on\"\n\t\t\t\t\t\t\t\tdata-xy=\"x:177px;y:c;yo:151px;\"\n\t\t\t\t\t\t\t\tdata-text=\"s:20;l:24;ls:-1px;\"\n\t\t\t\t\t\t\t\tdata-vbility=\"t,t,t,f\"\n\t\t\t\t\t\t\t\tdata-frame_1=\"st:740;\"\n\t\t\t\t\t\t\t\tdata-frame_999=\"st:w;auto:true;\"\n\t\t\t\t\t\t\t\tstyle=\"z-index:11;font-family:'Lato';text-transform:uppercase;\"\n\t\t\t\t\t\t\t>Es gibt Platz \n\t\t\t\t\t\t\t<\/rs-layer><!--\n\n\t\t\t\t\t\t\t--><rs-layer\n\t\t\t\t\t\t\t\tid=\"slider-21-slide-59-layer-4\" \n\t\t\t\t\t\t\t\tclass=\"title\"\n\t\t\t\t\t\t\t\tdata-type=\"text\"\n\t\t\t\t\t\t\t\tdata-color=\"rgba(255,255,255,1)\"\n\t\t\t\t\t\t\t\tdata-rsp_ch=\"on\"\n\t\t\t\t\t\t\t\tdata-xy=\"x:168px;y:c;yo:95px;\"\n\t\t\t\t\t\t\t\tdata-text=\"s:80;ls:-3px;fw:300;\"\n\t\t\t\t\t\t\t\tdata-frame_1=\"st:670;sp:480;\"\n\t\t\t\t\t\t\t\tdata-frame_999=\"st:w;auto:true;\"\n\t\t\t\t\t\t\t\tstyle=\"z-index:10;font-family:'Lato';text-transform:uppercase;\"\n\t\t\t\t\t\t\t>Gem\u00fctlich f\u00fcr Ihre ganze  <strong>Familie <\/strong>... \n\t\t\t\t\t\t\t<\/rs-layer><!--\n\n\t\t\t\t\t\t\t--><rs-layer\n\t\t\t\t\t\t\t\tid=\"slider-21-slide-59-layer-5\" \n\t\t\t\t\t\t\t\tclass=\"tp-shape tp-shapewrapper\"\n\t\t\t\t\t\t\t\tdata-type=\"shape\"\n\t\t\t\t\t\t\t\tdata-rsp_ch=\"on\"\n\t\t\t\t\t\t\t\tdata-xy=\"x:159px;y:363px;\"\n\t\t\t\t\t\t\t\tdata-text=\"w:normal;\"\n\t\t\t\t\t\t\t\tdata-dim=\"w:1263px;h:155;\"\n\t\t\t\t\t\t\t\tdata-frame_1=\"e:power2.inOut;st:500;\"\n\t\t\t\t\t\t\t\tdata-frame_999=\"o:0;e:nothing;st:w;\"\n\t\t\t\t\t\t\t\tstyle=\"z-index:7;background-color:rgba(0,0,0,0.50);\"\n\t\t\t\t\t\t\t> \n\t\t\t\t\t\t\t<\/rs-layer><!--\n\n\t\t\t\t\t\t\t--><rs-layer\n\t\t\t\t\t\t\t\tid=\"slider-21-slide-59-layer-6\" \n\t\t\t\t\t\t\t\tdata-type=\"image\"\n\t\t\t\t\t\t\t\tdata-rsp_ch=\"on\"\n\t\t\t\t\t\t\t\tdata-xy=\"x:1110px;y:29px;\"\n\t\t\t\t\t\t\t\tdata-text=\"l:22;\"\n\t\t\t\t\t\t\t\tdata-dim=\"w:200px;h:200px;\"\n\t\t\t\t\t\t\t\tdata-frame_1=\"e:power2.inOut;st:240;\"\n\t\t\t\t\t\t\t\tdata-frame_999=\"o:0;e:nothing;st:w;\"\n\t\t\t\t\t\t\t\tstyle=\"z-index:6;\"\n\t\t\t\t\t\t\t><img decoding=\"async\" src=\"\/\/hotelnegociants.ch\/wp-content\/plugins\/revslider\/sr6\/assets\/assets\/dummy.png\" alt=\"\" class=\"tp-rs-img rs-lazyload\" width=\"500\" height=\"500\" data-lazyload=\"\/\/hotelnegociants.ch\/wp-content\/uploads\/2016\/08\/LES-NEGOCIANTS_logo_noir500px-1.png\" data-no-retina> \n\t\t\t\t\t\t\t<\/rs-layer><!--\n\n\t\t\t\t\t\t\t--><rs-layer\n\t\t\t\t\t\t\t\tid=\"slider-21-slide-59-layer-8\" \n\t\t\t\t\t\t\t\tclass=\"tp-shape tp-shapewrapper\"\n\t\t\t\t\t\t\t\tdata-type=\"shape\"\n\t\t\t\t\t\t\t\tdata-rsp_ch=\"on\"\n\t\t\t\t\t\t\t\tdata-xy=\"x:1100px;y:20px;\"\n\t\t\t\t\t\t\t\tdata-text=\"w:normal;\"\n\t\t\t\t\t\t\t\tdata-dim=\"w:220px;h:220px;\"\n\t\t\t\t\t\t\t\tdata-frame_1=\"e:power2.inOut;st:220;\"\n\t\t\t\t\t\t\t\tdata-frame_999=\"o:0;e:nothing;st:w;\"\n\t\t\t\t\t\t\t\tstyle=\"z-index:5;background-color:rgba(255,255,255,0.50);\"\n\t\t\t\t\t\t\t> \n\t\t\t\t\t\t\t<\/rs-layer><!--\n-->\t\t\t\t\t<\/rs-slide>\n\t\t\t\t\t\t<rs-slide style=\"position: absolute;\" data-key=\"rs-57\" data-title=\"Slide\" data-thumb=\"\/\/hotelnegociants.ch\/wp-content\/uploads\/2020\/12\/slider1400x960px_2020-01-100x50.jpg\" data-anim=\"ms:300;r:0;\" data-in=\"o:0;sx:0.6;sy:0.6;\" data-out=\"o:0;sx:1.6;sy:1.6;\">\n\t\t\t\t\t\t\t<img decoding=\"async\" src=\"\/\/hotelnegociants.ch\/wp-content\/plugins\/revslider\/sr6\/assets\/assets\/dummy.png\" alt=\"\" title=\"slider1400x960px_2020-01\" width=\"1440\" height=\"960\" class=\"rev-slidebg tp-rs-img rs-lazyload\" data-lazyload=\"\/\/hotelnegociants.ch\/wp-content\/uploads\/2020\/12\/slider1400x960px_2020-01.jpg\" data-bg=\"p:center top;\" data-no-retina>\n<!--\n\t\t\t\t\t\t\t--><rs-layer\n\t\t\t\t\t\t\t\tid=\"slider-21-slide-57-layer-1\" \n\t\t\t\t\t\t\t\tclass=\"title-first-word\"\n\t\t\t\t\t\t\t\tdata-type=\"text\"\n\t\t\t\t\t\t\t\tdata-color=\"rgba(207,166,112,1)\"\n\t\t\t\t\t\t\t\tdata-rsp_ch=\"on\"\n\t\t\t\t\t\t\t\tdata-xy=\"x:172px;y:c;yo:75px;\"\n\t\t\t\t\t\t\t\tdata-text=\"s:60;l:50;\"\n\t\t\t\t\t\t\t\tdata-frame_1=\"st:550;\"\n\t\t\t\t\t\t\t\tdata-frame_999=\"st:w;auto:true;\"\n\t\t\t\t\t\t\t\tstyle=\"z-index:8;font-family:'Kristi';\"\n\t\t\t\t\t\t\t>Herzlich willkommen \n\t\t\t\t\t\t\t<\/rs-layer><!--\n\n\t\t\t\t\t\t\t--><rs-layer\n\t\t\t\t\t\t\t\tid=\"slider-21-slide-57-layer-2\" \n\t\t\t\t\t\t\t\tclass=\"title\"\n\t\t\t\t\t\t\t\tdata-type=\"text\"\n\t\t\t\t\t\t\t\tdata-color=\"rgba(255,255,255,1)\"\n\t\t\t\t\t\t\t\tdata-rsp_ch=\"on\"\n\t\t\t\t\t\t\t\tdata-xy=\"x:174px;y:c;yo:122px;\"\n\t\t\t\t\t\t\t\tdata-text=\"s:50;ls:-3px;fw:300;\"\n\t\t\t\t\t\t\t\tdata-frame_1=\"st:620;\"\n\t\t\t\t\t\t\t\tdata-frame_999=\"st:w;auto:true;\"\n\t\t\t\t\t\t\t\tstyle=\"z-index:9;font-family:'Lato';text-transform:uppercase;\"\n\t\t\t\t\t\t\t>Im Hotel Restaurant \n\t\t\t\t\t\t\t<\/rs-layer><!--\n\n\t\t\t\t\t\t\t--><rs-layer\n\t\t\t\t\t\t\t\tid=\"slider-21-slide-57-layer-3\" \n\t\t\t\t\t\t\t\tclass=\"sub-title\"\n\t\t\t\t\t\t\t\tdata-type=\"text\"\n\t\t\t\t\t\t\t\tdata-color=\"rgba(255,255,255,1)\"\n\t\t\t\t\t\t\t\tdata-rsp_ch=\"on\"\n\t\t\t\t\t\t\t\tdata-xy=\"x:179px;y:c;yo:247px;\"\n\t\t\t\t\t\t\t\tdata-text=\"s:20;l:24;ls:-1px;\"\n\t\t\t\t\t\t\t\tdata-vbility=\"t,t,t,f\"\n\t\t\t\t\t\t\t\tdata-frame_1=\"st:740;\"\n\t\t\t\t\t\t\t\tdata-frame_999=\"st:w;auto:true;\"\n\t\t\t\t\t\t\t\tstyle=\"z-index:11;font-family:'Lato';text-transform:uppercase;\"\n\t\t\t\t\t\t\t>Was uns zusammen h\u00e4lt ?\n<br\/>\nDas Vergn\u00fcgen und das Wohlbefinden unserer G\u00e4ste. \n\t\t\t\t\t\t\t<\/rs-layer><!--\n\n\t\t\t\t\t\t\t--><rs-layer\n\t\t\t\t\t\t\t\tid=\"slider-21-slide-57-layer-4\" \n\t\t\t\t\t\t\t\tclass=\"title\"\n\t\t\t\t\t\t\t\tdata-type=\"text\"\n\t\t\t\t\t\t\t\tdata-color=\"rgba(255,255,255,1)\"\n\t\t\t\t\t\t\t\tdata-rsp_ch=\"on\"\n\t\t\t\t\t\t\t\tdata-xy=\"x:175px;y:c;yo:183px;\"\n\t\t\t\t\t\t\t\tdata-text=\"s:80;ls:-3px;fw:300;\"\n\t\t\t\t\t\t\t\tdata-frame_1=\"st:670;sp:480;\"\n\t\t\t\t\t\t\t\tdata-frame_999=\"st:w;auto:true;\"\n\t\t\t\t\t\t\t\tstyle=\"z-index:10;font-family:'Lato';text-transform:uppercase;\"\n\t\t\t\t\t\t\t><strong>Les N\u00e9gociants<\/strong> \n\t\t\t\t\t\t\t<\/rs-layer><!--\n\n\t\t\t\t\t\t\t--><rs-layer\n\t\t\t\t\t\t\t\tid=\"slider-21-slide-57-layer-5\" \n\t\t\t\t\t\t\t\tclass=\"tp-shape tp-shapewrapper\"\n\t\t\t\t\t\t\t\tdata-type=\"shape\"\n\t\t\t\t\t\t\t\tdata-rsp_ch=\"on\"\n\t\t\t\t\t\t\t\tdata-xy=\"x:159px;y:363px;\"\n\t\t\t\t\t\t\t\tdata-text=\"w:normal;\"\n\t\t\t\t\t\t\t\tdata-dim=\"w:686px;h:242;\"\n\t\t\t\t\t\t\t\tdata-frame_1=\"e:power2.inOut;st:500;\"\n\t\t\t\t\t\t\t\tdata-frame_999=\"o:0;e:nothing;st:w;\"\n\t\t\t\t\t\t\t\tstyle=\"z-index:7;background-color:rgba(0,0,0,0.50);\"\n\t\t\t\t\t\t\t> \n\t\t\t\t\t\t\t<\/rs-layer><!--\n\n\t\t\t\t\t\t\t--><rs-layer\n\t\t\t\t\t\t\t\tid=\"slider-21-slide-57-layer-6\" \n\t\t\t\t\t\t\t\tdata-type=\"image\"\n\t\t\t\t\t\t\t\tdata-rsp_ch=\"on\"\n\t\t\t\t\t\t\t\tdata-xy=\"x:1110px;y:29px;\"\n\t\t\t\t\t\t\t\tdata-text=\"l:22;\"\n\t\t\t\t\t\t\t\tdata-dim=\"w:200px;h:200px;\"\n\t\t\t\t\t\t\t\tdata-frame_1=\"e:power2.inOut;st:240;\"\n\t\t\t\t\t\t\t\tdata-frame_999=\"o:0;e:nothing;st:w;\"\n\t\t\t\t\t\t\t\tstyle=\"z-index:6;\"\n\t\t\t\t\t\t\t><img decoding=\"async\" src=\"\/\/hotelnegociants.ch\/wp-content\/plugins\/revslider\/sr6\/assets\/assets\/dummy.png\" alt=\"\" class=\"tp-rs-img rs-lazyload\" data-lazyload=\"\/\/ndijdiqr.preview.infomaniak.website\/wp-content\/uploads\/2016\/08\/LES-NEGOCIANTS_logo_noir500px-1.png\" data-no-retina> \n\t\t\t\t\t\t\t<\/rs-layer><!--\n\n\t\t\t\t\t\t\t--><rs-layer\n\t\t\t\t\t\t\t\tid=\"slider-21-slide-57-layer-8\" \n\t\t\t\t\t\t\t\tclass=\"tp-shape tp-shapewrapper\"\n\t\t\t\t\t\t\t\tdata-type=\"shape\"\n\t\t\t\t\t\t\t\tdata-rsp_ch=\"on\"\n\t\t\t\t\t\t\t\tdata-xy=\"x:1100px;y:20px;\"\n\t\t\t\t\t\t\t\tdata-text=\"w:normal;\"\n\t\t\t\t\t\t\t\tdata-dim=\"w:220px;h:220px;\"\n\t\t\t\t\t\t\t\tdata-frame_1=\"e:power2.inOut;st:220;\"\n\t\t\t\t\t\t\t\tdata-frame_999=\"o:0;e:nothing;st:w;\"\n\t\t\t\t\t\t\t\tstyle=\"z-index:5;background-color:rgba(255,255,255,0.50);\"\n\t\t\t\t\t\t\t> \n\t\t\t\t\t\t\t<\/rs-layer><!--\n-->\t\t\t\t\t<\/rs-slide>\n\t\t\t\t\t\t<rs-slide style=\"position: absolute;\" data-key=\"rs-58\" data-title=\"Slide\" data-thumb=\"\/\/hotelnegociants.ch\/wp-content\/uploads\/2016\/09\/slider1400x960p_08-100x50.jpg\" data-anim=\"ms:300;r:0;\" data-in=\"o:0;sx:0.6;sy:0.6;\" data-out=\"o:0;sx:1.6;sy:1.6;\">\n\t\t\t\t\t\t\t<img decoding=\"async\" src=\"\/\/hotelnegociants.ch\/wp-content\/plugins\/revslider\/sr6\/assets\/assets\/dummy.png\" alt=\"\" title=\"Suite &#038; Wohnungen\" class=\"rev-slidebg tp-rs-img rs-lazyload\" data-lazyload=\"\/\/hotelnegociants.ch\/wp-content\/uploads\/2016\/09\/slider1400x960p_08.jpg\" data-bg=\"p:center top;\" data-no-retina>\n<!--\n\t\t\t\t\t\t\t--><rs-layer\n\t\t\t\t\t\t\t\tid=\"slider-21-slide-58-layer-1\" \n\t\t\t\t\t\t\t\tclass=\"title-first-word\"\n\t\t\t\t\t\t\t\tdata-type=\"text\"\n\t\t\t\t\t\t\t\tdata-color=\"rgba(207,166,112,1)\"\n\t\t\t\t\t\t\t\tdata-rsp_ch=\"on\"\n\t\t\t\t\t\t\t\tdata-xy=\"x:172px;y:c;yo:75px;\"\n\t\t\t\t\t\t\t\tdata-text=\"s:60;l:50;\"\n\t\t\t\t\t\t\t\tdata-frame_1=\"st:550;\"\n\t\t\t\t\t\t\t\tdata-frame_999=\"st:w;auto:true;\"\n\t\t\t\t\t\t\t\tstyle=\"z-index:8;font-family:'Kristi';\"\n\t\t\t\t\t\t\t>Entdecken Sie \n\t\t\t\t\t\t\t<\/rs-layer><!--\n\n\t\t\t\t\t\t\t--><rs-layer\n\t\t\t\t\t\t\t\tid=\"slider-21-slide-58-layer-2\" \n\t\t\t\t\t\t\t\tclass=\"title\"\n\t\t\t\t\t\t\t\tdata-type=\"text\"\n\t\t\t\t\t\t\t\tdata-color=\"rgba(255,255,255,1)\"\n\t\t\t\t\t\t\t\tdata-rsp_ch=\"on\"\n\t\t\t\t\t\t\t\tdata-xy=\"x:174px;y:c;yo:122px;\"\n\t\t\t\t\t\t\t\tdata-text=\"s:50;ls:-3px;fw:300;\"\n\t\t\t\t\t\t\t\tdata-frame_1=\"st:620;\"\n\t\t\t\t\t\t\t\tdata-frame_999=\"st:w;auto:true;\"\n\t\t\t\t\t\t\t\tstyle=\"z-index:9;font-family:'Lato';text-transform:uppercase;\"\n\t\t\t\t\t\t\t> \n\t\t\t\t\t\t\t<\/rs-layer><!--\n\n\t\t\t\t\t\t\t--><rs-layer\n\t\t\t\t\t\t\t\tid=\"slider-21-slide-58-layer-3\" \n\t\t\t\t\t\t\t\tclass=\"sub-title\"\n\t\t\t\t\t\t\t\tdata-type=\"text\"\n\t\t\t\t\t\t\t\tdata-color=\"rgba(255,255,255,1)\"\n\t\t\t\t\t\t\t\tdata-rsp_ch=\"on\"\n\t\t\t\t\t\t\t\tdata-xy=\"x:178px;y:c;yo:196px;\"\n\t\t\t\t\t\t\t\tdata-text=\"s:20;l:24;ls:-1px;\"\n\t\t\t\t\t\t\t\tdata-vbility=\"t,t,t,f\"\n\t\t\t\t\t\t\t\tdata-frame_1=\"st:740;\"\n\t\t\t\t\t\t\t\tdata-frame_999=\"st:w;auto:true;\"\n\t\t\t\t\t\t\t\tstyle=\"z-index:11;font-family:'Lato';text-transform:uppercase;\"\n\t\t\t\t\t\t\t>Allein oder ein Paar ? \n\t\t\t\t\t\t\t<\/rs-layer><!--\n\n\t\t\t\t\t\t\t--><rs-layer\n\t\t\t\t\t\t\t\tid=\"slider-21-slide-58-layer-4\" \n\t\t\t\t\t\t\t\tclass=\"title\"\n\t\t\t\t\t\t\t\tdata-type=\"text\"\n\t\t\t\t\t\t\t\tdata-color=\"rgba(255,255,255,1)\"\n\t\t\t\t\t\t\t\tdata-rsp_ch=\"on\"\n\t\t\t\t\t\t\t\tdata-xy=\"x:170px;y:c;yo:136px;\"\n\t\t\t\t\t\t\t\tdata-text=\"s:80;ls:-3px;fw:300;\"\n\t\t\t\t\t\t\t\tdata-frame_1=\"st:670;sp:480;\"\n\t\t\t\t\t\t\t\tdata-frame_999=\"st:w;auto:true;\"\n\t\t\t\t\t\t\t\tstyle=\"z-index:10;font-family:'Lato';text-transform:uppercase;\"\n\t\t\t\t\t\t\t>den <strong>Komfort<\/strong> unserer Zimmer  \n\t\t\t\t\t\t\t<\/rs-layer><!--\n\n\t\t\t\t\t\t\t--><rs-layer\n\t\t\t\t\t\t\t\tid=\"slider-21-slide-58-layer-5\" \n\t\t\t\t\t\t\t\tclass=\"tp-shape tp-shapewrapper\"\n\t\t\t\t\t\t\t\tdata-type=\"shape\"\n\t\t\t\t\t\t\t\tdata-rsp_ch=\"on\"\n\t\t\t\t\t\t\t\tdata-xy=\"x:159px;y:363px;\"\n\t\t\t\t\t\t\t\tdata-text=\"w:normal;\"\n\t\t\t\t\t\t\t\tdata-dim=\"w:1173px;h:189;\"\n\t\t\t\t\t\t\t\tdata-frame_1=\"e:power2.inOut;st:500;\"\n\t\t\t\t\t\t\t\tdata-frame_999=\"o:0;e:nothing;st:w;\"\n\t\t\t\t\t\t\t\tstyle=\"z-index:7;background-color:rgba(0,0,0,0.50);\"\n\t\t\t\t\t\t\t> \n\t\t\t\t\t\t\t<\/rs-layer><!--\n\n\t\t\t\t\t\t\t--><rs-layer\n\t\t\t\t\t\t\t\tid=\"slider-21-slide-58-layer-6\" \n\t\t\t\t\t\t\t\tdata-type=\"image\"\n\t\t\t\t\t\t\t\tdata-rsp_ch=\"on\"\n\t\t\t\t\t\t\t\tdata-xy=\"x:1110px;y:29px;\"\n\t\t\t\t\t\t\t\tdata-text=\"l:22;\"\n\t\t\t\t\t\t\t\tdata-dim=\"w:200px;h:200px;\"\n\t\t\t\t\t\t\t\tdata-frame_1=\"e:power2.inOut;st:240;\"\n\t\t\t\t\t\t\t\tdata-frame_999=\"o:0;e:nothing;st:w;\"\n\t\t\t\t\t\t\t\tstyle=\"z-index:6;\"\n\t\t\t\t\t\t\t><img decoding=\"async\" src=\"\/\/hotelnegociants.ch\/wp-content\/plugins\/revslider\/sr6\/assets\/assets\/dummy.png\" alt=\"\" class=\"tp-rs-img rs-lazyload\" data-lazyload=\"\/\/ndijdiqr.preview.infomaniak.website\/wp-content\/uploads\/2016\/08\/LES-NEGOCIANTS_logo_noir500px-1.png\" data-no-retina> \n\t\t\t\t\t\t\t<\/rs-layer><!--\n\n\t\t\t\t\t\t\t--><rs-layer\n\t\t\t\t\t\t\t\tid=\"slider-21-slide-58-layer-8\" \n\t\t\t\t\t\t\t\tclass=\"tp-shape tp-shapewrapper\"\n\t\t\t\t\t\t\t\tdata-type=\"shape\"\n\t\t\t\t\t\t\t\tdata-rsp_ch=\"on\"\n\t\t\t\t\t\t\t\tdata-xy=\"x:1100px;y:20px;\"\n\t\t\t\t\t\t\t\tdata-text=\"w:normal;\"\n\t\t\t\t\t\t\t\tdata-dim=\"w:220px;h:220px;\"\n\t\t\t\t\t\t\t\tdata-frame_1=\"e:power2.inOut;st:220;\"\n\t\t\t\t\t\t\t\tdata-frame_999=\"o:0;e:nothing;st:w;\"\n\t\t\t\t\t\t\t\tstyle=\"z-index:5;background-color:rgba(255,255,255,0.50);\"\n\t\t\t\t\t\t\t> \n\t\t\t\t\t\t\t<\/rs-layer><!--\n-->\t\t\t\t\t<\/rs-slide>\n\t\t\t\t\t<\/rs-slides>\n\t\t\t\t<\/rs-module>\n\t\t\t\t<script>\n\t\t\t\t\tsetREVStartSize({c: 'rev_slider_21_1',rl:[1240,1024,778,480],el:[650],gw:[1425],gh:[650],type:'standard',justify:'',layout:'fullscreen',offsetContainer:'',offset:'',mh:\"0\"});if (window.RS_MODULES!==undefined && window.RS_MODULES.modules!==undefined && window.RS_MODULES.modules[\"revslider211\"]!==undefined) {window.RS_MODULES.modules[\"revslider211\"].once = false;window.revapi21 = undefined;if (window.RS_MODULES.checkMinimal!==undefined) window.RS_MODULES.checkMinimal()}\n\t\t\t\t<\/script>\n\t\t\t<\/rs-module-wrap>\n\t\t\t<!-- END REVOLUTION SLIDER -->\n<\/div><\/div><\/div><\/div><div class=\"vc_row wpb_row vc_row-fluid\"><div class=\"wpb_column vc_column_container vc_col-sm-12\"><div class=\"vc_column-inner\"><div class=\"wpb_wrapper\">\n\t<div class=\"wpb_text_column wpb_content_element\" >\n\t\t<div class=\"wpb_wrapper\">\n\t\t\t<div class=\"vc_row wpb_row vc_row-fluid\">\n<div class=\"wpb_column vc_column_container vc_col-sm-12\">\n<div class=\"vc_column-inner \">\n<div class=\"wpb_wrapper\">\n<div class=\"wpb_text_column wpb_content_element \">\n<div class=\"wpb_wrapper\">\n<h1><span class=\"Titre\">Suite, Wohnungen &amp; Konferenzsaal<\/span><\/h1>\n<\/div>\n<\/div>\n<\/div>\n<\/div>\n<\/div>\n<\/div>\n\n\t\t<\/div>\n\t<\/div>\n<\/div><\/div><\/div><\/div><div class=\"vc_row wpb_row vc_row-fluid\"><div class=\"wpb_column vc_column_container vc_col-sm-3\"><div class=\"vc_column-inner\"><div class=\"wpb_wrapper\"><\/div><\/div><\/div><div class=\"wpb_column vc_column_container vc_col-sm-9\"><div class=\"vc_column-inner\"><div class=\"wpb_wrapper\">[vc_table],[bg#dd9933;b]Perioden%20(Preise%20in%20Chf),[align-right;bg#dd9933;b]1.%20April%20%3E%20%2031.%20Oktober,[align-right;bg#dd9933;b]1.%20November%20%3E%2031.%20M%C3%A4rz|[bg#ffffff]Suite%201-2%20Personen,[bg#ffffff]Pro%20%C3%9Cbernachtung,[align-right;bg#ffffff]250.-,[align-right;bg#ffffff]250.-|[bg#ffffff],[bg#ffffff]Pro%20Woche,[align-right;bg#ffffff]1%E2%80%99200.-,[align-right;bg#ffffff]1%E2%80%99000.-|[bg#ffffff],[bg#ffffff]Pro%20Monat,[align-right;bg#ffffff]4%E2%80%99000.-,[align-right;bg#ffffff]3%E2%80%99600.-|[6px;bg#dd9933],[bg#dd9933],[bg#dd9933],[bg#dd9933]|[bg#ffffff]Wohnung%202-4%20Personen,[bg#ffffff]Pro%20Woche,[align-right;bg#ffffff]1%E2%80%99400.-,[align-right;bg#ffffff]1%E2%80%99200.-|[bg#ffffff],[bg#ffffff]Pro%20Monat,[align-right;bg#ffffff]4%E2%80%99500.-,[align-right;bg#ffffff]4%E2%80%99200.-|[bg#dd9933],[bg#dd9933],[bg#dd9933],[bg#dd9933]|[bg#ffffff]Wohnung%205-6%20Personen,[bg#ffffff]Pro%20Woche,[align-right;bg#ffffff]1%E2%80%99600.-,[align-right;bg#ffffff]1%E2%80%99400.-|[bg#ffffff],[bg#ffffff]Pro%20Monat,[align-right;bg#ffffff]5%E2%80%99000.-,[align-right;bg#ffffff]4%E2%80%99500.-|[bg#dd9933],[bg#dd9933],[bg#dd9933],[bg#dd9933]|[bg#ffffff]Konferenzsaal%206-8%20Personen,[bg#ffffff]1%2F2%20Tag,[align-right;bg#ffffff]50.-,[align-right;bg#ffffff]50.-[\/vc_table]<\/div><\/div><\/div><\/div><div class=\"vc_row wpb_row vc_row-fluid\"><div class=\"wpb_column vc_column_container vc_col-sm-12\"><div class=\"vc_column-inner\"><div class=\"wpb_wrapper\"><div  class=\"vc_do_toggle vc_toggle vc_toggle_default vc_toggle_color_default  vc_toggle_size_md\"><div class=\"vc_toggle_title\"><h4>Allgemeine Bedingungen f\u00fcr die Miete der Suite und Wohnung<\/h4><i class=\"vc_toggle_icon\"><\/i><\/div><div class=\"vc_toggle_content\"><ol>\n<li>Durch die Buchung einer Suite oder Wohnung in unserem Hotel best\u00e4tigt der Kunde &#8211; die Kundin, die angegebenen Preise auf der Website www.hotelnegociants.ch zur Kenntnis genommen und diese Bedingungen akzeptiert zu haben.<\/li>\n<li>Die angegebenen Preise enthalten : Mietpreis pro Suite\/Appartement inkl. MWSt, Breitbandinternet, t\u00e4glicher Zimmerservice. Die als &#8222;nicht r\u00fcckzahlbar&#8220; definierten Konditionen gelten nicht f\u00fcr die Miete der Suite oder Wohnung.<\/li>\n<li>Nicht im Preis enthalten : Fr\u00fchst\u00fcck (CHF 15.-\/Person\/Tag), Kurtaxe.<\/li>\n<li>Zahlungsweise : keine Vorauszahlung, Zahlung bei Ankunft.<\/li>\n<li>F\u00fcr die Best\u00e4tigung Ihrer Reservierung ist eine Kreditkartennummer erforderlich.<\/li>\n<li>Check-In ab 15:00 Uhr, Check-Out bis 11:00.<\/li>\n<li>Kinder ab 2 Jahre gelten hier als Erwachsene. Bitte geben Sie diese bei der Buchung unter &#8222;Erwachsene&#8220; an.<\/li>\n<li>Im Falle von Buchungs\u00e4nderungen kontaktieren Sie uns bitte direkt per E-Mail unter info@hotelnegociants.ch.<\/li>\n<li>Die Rezeption ist von Montag bis Freitag von 06:00 bis 23:00 Uhr besetzt; samstags, sonntags und an Feiertagen von 8:00 bis 23:00 Uhr..<\/li>\n<\/ol>\n<p>Vevey, den 14. Oktober 2014<\/p>\n<\/div><\/div><\/div><\/div><\/div><\/div>\n<\/div>","protected":false},"excerpt":{"rendered":"Es gibt Platz Gem\u00fctlich f\u00fcr Ihre ganze Familie ... Herzlich willkommen Im Hotel Restaurant Was uns zusammen h\u00e4lt ? Das Vergn\u00fcgen und das Wohlbefinden unserer G\u00e4ste. Les N\u00e9gociants Entdecken Sie Allein oder ein Paar ? den Komfort unserer Zimmer Suite, [...]","protected":false},"author":5,"featured_media":0,"parent":0,"menu_order":0,"comment_status":"closed","ping_status":"open","template":"","meta":{"footnotes":""},"class_list":["post-4805","page","type-page","status-publish","hentry"],"_links":{"self":[{"href":"https:\/\/hotelnegociants.ch\/de\/wp-json\/wp\/v2\/pages\/4805","targetHints":{"allow":["GET"]}}],"collection":[{"href":"https:\/\/hotelnegociants.ch\/de\/wp-json\/wp\/v2\/pages"}],"about":[{"href":"https:\/\/hotelnegociants.ch\/de\/wp-json\/wp\/v2\/types\/page"}],"author":[{"embeddable":true,"href":"https:\/\/hotelnegociants.ch\/de\/wp-json\/wp\/v2\/users\/5"}],"replies":[{"embeddable":true,"href":"https:\/\/hotelnegociants.ch\/de\/wp-json\/wp\/v2\/comments?post=4805"}],"version-history":[{"count":12,"href":"https:\/\/hotelnegociants.ch\/de\/wp-json\/wp\/v2\/pages\/4805\/revisions"}],"predecessor-version":[{"id":5100,"href":"https:\/\/hotelnegociants.ch\/de\/wp-json\/wp\/v2\/pages\/4805\/revisions\/5100"}],"wp:attachment":[{"href":"https:\/\/hotelnegociants.ch\/de\/wp-json\/wp\/v2\/media?parent=4805"}],"curies":[{"name":"wp","href":"https:\/\/api.w.org\/{rel}","templated":true}]}}