{"id":4838,"date":"2014-02-28T09:59:45","date_gmt":"2014-02-28T08:59:45","guid":{"rendered":"http:\/\/ndijdiqr.preview.infomaniak.website\/de\/rooms\/"},"modified":"2017-06-06T15:33:58","modified_gmt":"2017-06-06T13:33:58","slug":"zimmer","status":"publish","type":"page","link":"https:\/\/hotelnegociants.ch\/de\/zimmer\/","title":{"rendered":"Zimmer"},"content":{"rendered":"<div class=\"wpb-content-wrapper\"><div class=\"vc_row wpb_row vc_row-fluid\"><div class=\"wpb_column vc_column_container vc_col-sm-12\"><div class=\"vc_column-inner\"><div class=\"wpb_wrapper\">\n\t\t\t<!-- START chambres all REVOLUTION SLIDER 6.7.37 --><p class=\"rs-p-wp-fix\"><\/p>\n\t\t\t<rs-module-wrap id=\"rev_slider_19_1_wrapper\" data-source=\"gallery\" style=\"visibility:hidden;background:#262626;padding:0;\">\n\t\t\t\t<rs-module id=\"rev_slider_19_1\" style=\"\" data-version=\"6.7.37\">\n\t\t\t\t\t<rs-slides style=\"overflow: hidden; position: absolute;\">\n\t\t\t\t\t\t<rs-slide style=\"position: absolute;\" data-key=\"rs-51\" data-title=\"Slide\" data-thumb=\"\/\/hotelnegociants.ch\/wp-content\/uploads\/2020\/12\/slider1400x960px_2020-01-100x50.jpg\" data-anim=\"ms:300;r:0;\" data-in=\"o:0;sx:0.6;sy:0.6;\" data-out=\"o:0;sx:1.6;sy:1.6;\">\n\t\t\t\t\t\t\t<img decoding=\"async\" src=\"\/\/hotelnegociants.ch\/wp-content\/plugins\/revslider\/sr6\/assets\/assets\/dummy.png\" alt=\"\" title=\"slider1400x960px_2020-01\" width=\"1440\" height=\"960\" class=\"rev-slidebg tp-rs-img rs-lazyload\" data-lazyload=\"\/\/hotelnegociants.ch\/wp-content\/uploads\/2020\/12\/slider1400x960px_2020-01.jpg\" data-bg=\"p:center top;\" data-no-retina>\n<!--\n\t\t\t\t\t\t\t--><rs-layer\n\t\t\t\t\t\t\t\tid=\"slider-19-slide-51-layer-3\" \n\t\t\t\t\t\t\t\tclass=\"sub-title\"\n\t\t\t\t\t\t\t\tdata-type=\"text\"\n\t\t\t\t\t\t\t\tdata-color=\"rgba(255,255,255,1)\"\n\t\t\t\t\t\t\t\tdata-rsp_ch=\"on\"\n\t\t\t\t\t\t\t\tdata-xy=\"x:180px;y:c;yo:114px;\"\n\t\t\t\t\t\t\t\tdata-text=\"s:20;l:24;ls:-1px;\"\n\t\t\t\t\t\t\t\tdata-vbility=\"t,t,t,f\"\n\t\t\t\t\t\t\t\tdata-frame_1=\"st:740;\"\n\t\t\t\t\t\t\t\tdata-frame_999=\"st:w;auto:true;\"\n\t\t\t\t\t\t\t\tstyle=\"z-index:9;font-family:'Lato';text-transform:uppercase;\"\n\t\t\t\t\t\t\t>Familienfreundlich \n\t\t\t\t\t\t\t<\/rs-layer><!--\n\n\t\t\t\t\t\t\t--><rs-layer\n\t\t\t\t\t\t\t\tid=\"slider-19-slide-51-layer-4\" \n\t\t\t\t\t\t\t\tclass=\"title\"\n\t\t\t\t\t\t\t\tdata-type=\"text\"\n\t\t\t\t\t\t\t\tdata-color=\"rgba(255,255,255,1)\"\n\t\t\t\t\t\t\t\tdata-rsp_ch=\"on\"\n\t\t\t\t\t\t\t\tdata-xy=\"x:172px;y:c;yo:50px;\"\n\t\t\t\t\t\t\t\tdata-text=\"s:80;ls:-3px;fw:300;\"\n\t\t\t\t\t\t\t\tdata-frame_1=\"st:670;sp:480;\"\n\t\t\t\t\t\t\t\tdata-frame_999=\"st:w;auto:true;\"\n\t\t\t\t\t\t\t\tstyle=\"z-index:8;font-family:'Lato';text-transform:uppercase;\"\n\t\t\t\t\t\t\t>Unsere  <strong> Zimmer<\/strong> \n\t\t\t\t\t\t\t<\/rs-layer><!--\n\n\t\t\t\t\t\t\t--><rs-layer\n\t\t\t\t\t\t\t\tid=\"slider-19-slide-51-layer-5\" \n\t\t\t\t\t\t\t\tclass=\"tp-shape tp-shapewrapper\"\n\t\t\t\t\t\t\t\tdata-type=\"shape\"\n\t\t\t\t\t\t\t\tdata-rsp_ch=\"on\"\n\t\t\t\t\t\t\t\tdata-xy=\"x:156px;y:323px;\"\n\t\t\t\t\t\t\t\tdata-text=\"w:normal;\"\n\t\t\t\t\t\t\t\tdata-dim=\"w:965px;h:170;\"\n\t\t\t\t\t\t\t\tdata-frame_1=\"e:power2.inOut;st:500;\"\n\t\t\t\t\t\t\t\tdata-frame_999=\"o:0;e:nothing;st:w;\"\n\t\t\t\t\t\t\t\tstyle=\"z-index:7;background-color:rgba(0,0,0,0.50);\"\n\t\t\t\t\t\t\t> \n\t\t\t\t\t\t\t<\/rs-layer><!--\n\n\t\t\t\t\t\t\t--><rs-layer\n\t\t\t\t\t\t\t\tid=\"slider-19-slide-51-layer-6\" \n\t\t\t\t\t\t\t\tdata-type=\"image\"\n\t\t\t\t\t\t\t\tdata-rsp_ch=\"on\"\n\t\t\t\t\t\t\t\tdata-xy=\"x:1110px;y:29px;\"\n\t\t\t\t\t\t\t\tdata-text=\"l:22;\"\n\t\t\t\t\t\t\t\tdata-dim=\"w:200px;h:200px;\"\n\t\t\t\t\t\t\t\tdata-frame_1=\"e:power2.inOut;st:240;\"\n\t\t\t\t\t\t\t\tdata-frame_999=\"o:0;e:nothing;st:w;\"\n\t\t\t\t\t\t\t\tstyle=\"z-index:6;\"\n\t\t\t\t\t\t\t><img decoding=\"async\" src=\"\/\/hotelnegociants.ch\/wp-content\/plugins\/revslider\/sr6\/assets\/assets\/dummy.png\" alt=\"\" class=\"tp-rs-img rs-lazyload\" data-lazyload=\"\/\/ndijdiqr.preview.infomaniak.website\/wp-content\/uploads\/2016\/08\/LES-NEGOCIANTS_logo_noir500px-1.png\" data-no-retina> \n\t\t\t\t\t\t\t<\/rs-layer><!--\n\n\t\t\t\t\t\t\t--><rs-layer\n\t\t\t\t\t\t\t\tid=\"slider-19-slide-51-layer-8\" \n\t\t\t\t\t\t\t\tclass=\"tp-shape tp-shapewrapper\"\n\t\t\t\t\t\t\t\tdata-type=\"shape\"\n\t\t\t\t\t\t\t\tdata-rsp_ch=\"on\"\n\t\t\t\t\t\t\t\tdata-xy=\"x:1100px;y:20px;\"\n\t\t\t\t\t\t\t\tdata-text=\"w:normal;\"\n\t\t\t\t\t\t\t\tdata-dim=\"w:220px;h:220px;\"\n\t\t\t\t\t\t\t\tdata-frame_1=\"e:power2.inOut;st:220;\"\n\t\t\t\t\t\t\t\tdata-frame_999=\"o:0;e:nothing;st:w;\"\n\t\t\t\t\t\t\t\tstyle=\"z-index:5;background-color:rgba(255,255,255,0.50);\"\n\t\t\t\t\t\t\t> \n\t\t\t\t\t\t\t<\/rs-layer><!--\n-->\t\t\t\t\t<\/rs-slide>\n\t\t\t\t\t\t<rs-slide style=\"position: absolute;\" data-key=\"rs-52\" data-title=\"Slide\" data-thumb=\"\/\/hotelnegociants.ch\/wp-content\/uploads\/2020\/12\/slider1400x960px_2020-02-100x50.jpg\" data-anim=\"ms:300;r:0;\" data-in=\"o:0;sx:0.6;sy:0.6;\" data-out=\"o:0;sx:1.6;sy:1.6;\">\n\t\t\t\t\t\t\t<img decoding=\"async\" src=\"\/\/hotelnegociants.ch\/wp-content\/plugins\/revslider\/sr6\/assets\/assets\/dummy.png\" alt=\"\" title=\"slider1400x960px_2020-02\" width=\"1440\" height=\"960\" class=\"rev-slidebg tp-rs-img rs-lazyload\" data-lazyload=\"\/\/hotelnegociants.ch\/wp-content\/uploads\/2020\/12\/slider1400x960px_2020-02.jpg\" data-bg=\"p:center top;\" data-no-retina>\n<!--\n\t\t\t\t\t\t\t--><rs-layer\n\t\t\t\t\t\t\t\tid=\"slider-19-slide-52-layer-1\" \n\t\t\t\t\t\t\t\tclass=\"title-first-word\"\n\t\t\t\t\t\t\t\tdata-type=\"text\"\n\t\t\t\t\t\t\t\tdata-color=\"rgba(207,166,112,1)\"\n\t\t\t\t\t\t\t\tdata-rsp_ch=\"on\"\n\t\t\t\t\t\t\t\tdata-xy=\"x:172px;y:c;yo:75px;\"\n\t\t\t\t\t\t\t\tdata-text=\"s:60;l:50;\"\n\t\t\t\t\t\t\t\tdata-frame_1=\"st:550;\"\n\t\t\t\t\t\t\t\tdata-frame_999=\"st:w;auto:true;\"\n\t\t\t\t\t\t\t\tstyle=\"z-index:6;font-family:'Kristi';\"\n\t\t\t\t\t\t\t>Entdecken Sie \n\t\t\t\t\t\t\t<\/rs-layer><!--\n\n\t\t\t\t\t\t\t--><rs-layer\n\t\t\t\t\t\t\t\tid=\"slider-19-slide-52-layer-2\" \n\t\t\t\t\t\t\t\tclass=\"title\"\n\t\t\t\t\t\t\t\tdata-type=\"text\"\n\t\t\t\t\t\t\t\tdata-color=\"rgba(255,255,255,1)\"\n\t\t\t\t\t\t\t\tdata-rsp_ch=\"on\"\n\t\t\t\t\t\t\t\tdata-xy=\"x:174px;y:c;yo:122px;\"\n\t\t\t\t\t\t\t\tdata-text=\"s:50;ls:-3px;fw:300;\"\n\t\t\t\t\t\t\t\tdata-frame_1=\"st:620;\"\n\t\t\t\t\t\t\t\tdata-frame_999=\"st:w;auto:true;\"\n\t\t\t\t\t\t\t\tstyle=\"z-index:7;font-family:'Lato';text-transform:uppercase;\"\n\t\t\t\t\t\t\t> \n\t\t\t\t\t\t\t<\/rs-layer><!--\n\n\t\t\t\t\t\t\t--><rs-layer\n\t\t\t\t\t\t\t\tid=\"slider-19-slide-52-layer-3\" \n\t\t\t\t\t\t\t\tclass=\"sub-title\"\n\t\t\t\t\t\t\t\tdata-type=\"text\"\n\t\t\t\t\t\t\t\tdata-color=\"rgba(255,255,255,1)\"\n\t\t\t\t\t\t\t\tdata-rsp_ch=\"on\"\n\t\t\t\t\t\t\t\tdata-xy=\"x:179px;y:c;yo:196px;\"\n\t\t\t\t\t\t\t\tdata-text=\"s:20;l:24;ls:-1px;\"\n\t\t\t\t\t\t\t\tdata-vbility=\"t,t,t,f\"\n\t\t\t\t\t\t\t\tdata-frame_1=\"st:740;\"\n\t\t\t\t\t\t\t\tdata-frame_999=\"st:w;auto:true;\"\n\t\t\t\t\t\t\t\tstyle=\"z-index:9;font-family:'Lato';text-transform:uppercase;\"\n\t\t\t\t\t\t\t>Allein oder ein Paar ? \n\t\t\t\t\t\t\t<\/rs-layer><!--\n\n\t\t\t\t\t\t\t--><rs-layer\n\t\t\t\t\t\t\t\tid=\"slider-19-slide-52-layer-4\" \n\t\t\t\t\t\t\t\tclass=\"title\"\n\t\t\t\t\t\t\t\tdata-type=\"text\"\n\t\t\t\t\t\t\t\tdata-color=\"rgba(255,255,255,1)\"\n\t\t\t\t\t\t\t\tdata-rsp_ch=\"on\"\n\t\t\t\t\t\t\t\tdata-xy=\"x:168px;y:c;yo:136px;\"\n\t\t\t\t\t\t\t\tdata-text=\"s:80;ls:-3px;fw:300;\"\n\t\t\t\t\t\t\t\tdata-frame_1=\"st:670;sp:480;\"\n\t\t\t\t\t\t\t\tdata-frame_999=\"st:w;auto:true;\"\n\t\t\t\t\t\t\t\tstyle=\"z-index:8;font-family:'Lato';text-transform:uppercase;\"\n\t\t\t\t\t\t\t>den <strong>Komfort<\/strong> unserer Zimmer  \n\t\t\t\t\t\t\t<\/rs-layer><!--\n\n\t\t\t\t\t\t\t--><rs-layer\n\t\t\t\t\t\t\t\tid=\"slider-19-slide-52-layer-5\" \n\t\t\t\t\t\t\t\tclass=\"tp-shape tp-shapewrapper\"\n\t\t\t\t\t\t\t\tdata-type=\"shape\"\n\t\t\t\t\t\t\t\tdata-rsp_ch=\"on\"\n\t\t\t\t\t\t\t\tdata-xy=\"x:159px;y:363px;\"\n\t\t\t\t\t\t\t\tdata-text=\"w:normal;\"\n\t\t\t\t\t\t\t\tdata-dim=\"w:1309px;h:190;\"\n\t\t\t\t\t\t\t\tdata-frame_1=\"e:power2.inOut;st:500;\"\n\t\t\t\t\t\t\t\tdata-frame_999=\"o:0;e:nothing;st:w;\"\n\t\t\t\t\t\t\t\tstyle=\"z-index:5;background-color:rgba(0,0,0,0.50);\"\n\t\t\t\t\t\t\t> \n\t\t\t\t\t\t\t<\/rs-layer><!--\n-->\t\t\t\t\t<\/rs-slide>\n\t\t\t\t\t\t<rs-slide style=\"position: absolute;\" data-key=\"rs-53\" data-title=\"Slide\" data-thumb=\"\/\/hotelnegociants.ch\/wp-content\/uploads\/2020\/12\/slider1400x960px_2020-05-100x50.jpg\" data-anim=\"ms:300;r:0;\" data-in=\"o:0;sx:0.6;sy:0.6;\" data-out=\"o:0;sx:1.6;sy:1.6;\">\n\t\t\t\t\t\t\t<img decoding=\"async\" src=\"\/\/hotelnegociants.ch\/wp-content\/plugins\/revslider\/sr6\/assets\/assets\/dummy.png\" alt=\"\" title=\"slider1400x960px_2020-05\" width=\"1440\" height=\"960\" class=\"rev-slidebg tp-rs-img rs-lazyload\" data-lazyload=\"\/\/hotelnegociants.ch\/wp-content\/uploads\/2020\/12\/slider1400x960px_2020-05.jpg\" data-bg=\"p:center top;\" data-no-retina>\n<!--\n\t\t\t\t\t\t\t--><rs-layer\n\t\t\t\t\t\t\t\tid=\"slider-19-slide-53-layer-1\" \n\t\t\t\t\t\t\t\tclass=\"title-first-word\"\n\t\t\t\t\t\t\t\tdata-type=\"text\"\n\t\t\t\t\t\t\t\tdata-color=\"rgba(207,166,112,1)\"\n\t\t\t\t\t\t\t\tdata-rsp_ch=\"on\"\n\t\t\t\t\t\t\t\tdata-xy=\"x:171px;y:c;yo:75px;\"\n\t\t\t\t\t\t\t\tdata-text=\"s:60;l:50;\"\n\t\t\t\t\t\t\t\tdata-frame_1=\"st:550;\"\n\t\t\t\t\t\t\t\tdata-frame_999=\"st:w;auto:true;\"\n\t\t\t\t\t\t\t\tstyle=\"z-index:6;font-family:'Kristi';\"\n\t\t\t\t\t\t\t> \n\t\t\t\t\t\t\t<\/rs-layer><!--\n\n\t\t\t\t\t\t\t--><rs-layer\n\t\t\t\t\t\t\t\tid=\"slider-19-slide-53-layer-2\" \n\t\t\t\t\t\t\t\tclass=\"title\"\n\t\t\t\t\t\t\t\tdata-type=\"text\"\n\t\t\t\t\t\t\t\tdata-color=\"rgba(255,255,255,1)\"\n\t\t\t\t\t\t\t\tdata-rsp_ch=\"on\"\n\t\t\t\t\t\t\t\tdata-xy=\"x:174px;y:c;yo:122px;\"\n\t\t\t\t\t\t\t\tdata-text=\"s:50;ls:-3px;fw:300;\"\n\t\t\t\t\t\t\t\tdata-frame_1=\"st:620;\"\n\t\t\t\t\t\t\t\tdata-frame_999=\"st:w;auto:true;\"\n\t\t\t\t\t\t\t\tstyle=\"z-index:7;font-family:'Lato';text-transform:uppercase;\"\n\t\t\t\t\t\t\t> \n\t\t\t\t\t\t\t<\/rs-layer><!--\n\n\t\t\t\t\t\t\t--><rs-layer\n\t\t\t\t\t\t\t\tid=\"slider-19-slide-53-layer-3\" \n\t\t\t\t\t\t\t\tclass=\"sub-title\"\n\t\t\t\t\t\t\t\tdata-type=\"text\"\n\t\t\t\t\t\t\t\tdata-color=\"rgba(255,255,255,1)\"\n\t\t\t\t\t\t\t\tdata-rsp_ch=\"on\"\n\t\t\t\t\t\t\t\tdata-xy=\"x:177px;y:c;yo:151px;\"\n\t\t\t\t\t\t\t\tdata-text=\"s:20;l:24;ls:-1px;\"\n\t\t\t\t\t\t\t\tdata-vbility=\"t,t,t,f\"\n\t\t\t\t\t\t\t\tdata-frame_1=\"st:740;\"\n\t\t\t\t\t\t\t\tdata-frame_999=\"st:w;auto:true;\"\n\t\t\t\t\t\t\t\tstyle=\"z-index:9;font-family:'Lato';text-transform:uppercase;\"\n\t\t\t\t\t\t\t>Es gibt Platz \n\t\t\t\t\t\t\t<\/rs-layer><!--\n\n\t\t\t\t\t\t\t--><rs-layer\n\t\t\t\t\t\t\t\tid=\"slider-19-slide-53-layer-4\" \n\t\t\t\t\t\t\t\tclass=\"title\"\n\t\t\t\t\t\t\t\tdata-type=\"text\"\n\t\t\t\t\t\t\t\tdata-color=\"rgba(255,255,255,1)\"\n\t\t\t\t\t\t\t\tdata-rsp_ch=\"on\"\n\t\t\t\t\t\t\t\tdata-xy=\"x:168px;y:c;yo:95px;\"\n\t\t\t\t\t\t\t\tdata-text=\"s:80;ls:-3px;fw:300;\"\n\t\t\t\t\t\t\t\tdata-frame_1=\"st:670;sp:480;\"\n\t\t\t\t\t\t\t\tdata-frame_999=\"st:w;auto:true;\"\n\t\t\t\t\t\t\t\tstyle=\"z-index:8;font-family:'Lato';text-transform:uppercase;\"\n\t\t\t\t\t\t\t>Gem\u00fctlich f\u00fcr Ihre ganze  <strong>Familie <\/strong>... \n\t\t\t\t\t\t\t<\/rs-layer><!--\n\n\t\t\t\t\t\t\t--><rs-layer\n\t\t\t\t\t\t\t\tid=\"slider-19-slide-53-layer-5\" \n\t\t\t\t\t\t\t\tclass=\"tp-shape tp-shapewrapper\"\n\t\t\t\t\t\t\t\tdata-type=\"shape\"\n\t\t\t\t\t\t\t\tdata-rsp_ch=\"on\"\n\t\t\t\t\t\t\t\tdata-xy=\"x:159px;y:363px;\"\n\t\t\t\t\t\t\t\tdata-text=\"w:normal;\"\n\t\t\t\t\t\t\t\tdata-dim=\"w:1211px;h:155;\"\n\t\t\t\t\t\t\t\tdata-frame_1=\"e:power2.inOut;st:500;\"\n\t\t\t\t\t\t\t\tdata-frame_999=\"o:0;e:nothing;st:w;\"\n\t\t\t\t\t\t\t\tstyle=\"z-index:5;background-color:rgba(0,0,0,0.50);\"\n\t\t\t\t\t\t\t> \n\t\t\t\t\t\t\t<\/rs-layer><!--\n-->\t\t\t\t\t<\/rs-slide>\n\t\t\t\t\t<\/rs-slides>\n\t\t\t\t<\/rs-module>\n\t\t\t\t<script>\n\t\t\t\t\tsetREVStartSize({c: 'rev_slider_19_1',rl:[1240,1024,778,480],el:[650],gw:[1425],gh:[650],type:'standard',justify:'',layout:'fullscreen',offsetContainer:'',offset:'',mh:\"0\"});if (window.RS_MODULES!==undefined && window.RS_MODULES.modules!==undefined && window.RS_MODULES.modules[\"revslider191\"]!==undefined) {window.RS_MODULES.modules[\"revslider191\"].once = false;window.revapi19 = undefined;if (window.RS_MODULES.checkMinimal!==undefined) window.RS_MODULES.checkMinimal()}\n\t\t\t\t<\/script>\n\t\t\t<\/rs-module-wrap>\n\t\t\t<!-- END REVOLUTION SLIDER -->\n<\/div><\/div><\/div><\/div><div class=\"vc_row wpb_row vc_row-fluid\"><div class=\"wpb_column vc_column_container vc_col-sm-2\"><div class=\"vc_column-inner\"><div class=\"wpb_wrapper\"><\/div><\/div><\/div><div class=\"wpb_column vc_column_container vc_col-sm-8\"><div class=\"vc_column-inner\"><div class=\"wpb_wrapper\">\n\t<div class=\"wpb_text_column wpb_content_element\" >\n\t\t<div class=\"wpb_wrapper\">\n\t\t\t<h1>Zimmer<\/h1>\n\n\t\t<\/div>\n\t<\/div>\n\n\t<div class=\"wpb_text_column wpb_content_element\" >\n\t\t<div class=\"wpb_wrapper\">\n\t\t\t<div class=\"wpb_text_column wpb_content_element \">\n<div class=\"wpb_wrapper\">\n<p><strong>23 Zimmer<\/strong> : Ob allein, zu zweit, in der Gruppe oder mit der Familie \u2013 hier werden Sie sich garantiert wohlf\u00fchlen.<br \/>\nDas Fr\u00fchst\u00fcck (CHF 15.-) servieren wir Ihnen im gem\u00fctlichen Restaurant, dessen Fenster den Blick auf die ruhigen Gassen der Altstadt freigeben.<\/p>\n<p><strong><em>\u00d6ffnungzeiten des Hotels :<\/em><\/strong><br \/>\n7 Tage die Woche \u2022 06:30 bis 24:00 Uhr<br \/>\nZugang mit Kode au\u00dferhalb dieser Zeiten<\/p>\n<p><strong><em>Kostenloser und sicherer WI-FI Zugang<\/em><\/strong><\/p>\n<\/div>\n<\/div>\n\n\t\t<\/div>\n\t<\/div>\n<\/div><\/div><\/div><div class=\"wpb_column vc_column_container vc_col-sm-2\"><div class=\"vc_column-inner\"><div class=\"wpb_wrapper\"><\/div><\/div><\/div><\/div><div class=\"vc_row wpb_row vc_row-fluid\"><div class=\"wpb_column vc_column_container vc_col-sm-3\"><div class=\"vc_column-inner\"><div class=\"wpb_wrapper\"><\/div><\/div><\/div><div class=\"wpb_column vc_column_container vc_col-sm-3\"><div class=\"vc_column-inner\"><div class=\"wpb_wrapper\">\n\t<div class=\"wpb_text_column wpb_content_element\" >\n\t\t<div class=\"wpb_wrapper\">\n\t\t\t<div class=\"wpb_text_column wpb_content_element \">\n<div class=\"wpb_wrapper\">\n<div class=\"wpb_text_column wpb_content_element \">\n<div class=\"wpb_wrapper\">\n<h3><span class=\"Titre\">Die Preise<br \/>\n<\/span><\/h3>\n<\/div>\n<\/div>\n<div class=\"wpb_text_column wpb_content_element \">\n<div class=\"wpb_wrapper\">\n<p><strong>In den aufgef\u00fchrten Preisen sind MWST und Service inbegriffen.<\/strong><\/p>\n<\/div>\n<\/div>\n<\/div>\n<\/div>\n\n\t\t<\/div>\n\t<\/div>\n<\/div><\/div><\/div><div class=\"wpb_column vc_column_container vc_col-sm-3\"><div class=\"vc_column-inner\"><div class=\"wpb_wrapper\"><\/div><\/div><\/div><div class=\"wpb_column vc_column_container vc_col-sm-3\"><div class=\"vc_column-inner\"><div class=\"wpb_wrapper\"><\/div><\/div><\/div><\/div><div class=\"vc_row wpb_row vc_row-fluid\"><div class=\"wpb_column vc_column_container vc_col-sm-3\"><div class=\"vc_column-inner\"><div class=\"wpb_wrapper\"><\/div><\/div><\/div><div class=\"wpb_column vc_column_container vc_col-sm-3\"><div class=\"vc_column-inner\"><div class=\"wpb_wrapper\">\n\t<div class=\"wpb_text_column wpb_content_element\" >\n\t\t<div class=\"wpb_wrapper\">\n\t\t\t<p><strong><em>Sind nicht im Preis enthalten :<\/em><\/strong><\/p>\n<ul>\n<li>das Fr\u00fchst\u00fcck : CHF 15.-<\/li>\n<li>Kurtaxe: CHF 3.-\/Person\/Nacht.<\/li>\n<\/ul>\n\n\t\t<\/div>\n\t<\/div>\n<\/div><\/div><\/div><div class=\"wpb_column vc_column_container vc_col-sm-3\"><div class=\"vc_column-inner\"><div class=\"wpb_wrapper\">\n\t<div class=\"wpb_text_column wpb_content_element\" >\n\t\t<div class=\"wpb_wrapper\">\n\t\t\t<p><strong><em>F\u00fcr Kinder gelten die folgenden Verg\u00fcnstigungen :<\/em><\/strong><\/p>\n<ul>\n<li>Bis 5 Jahre : gratis<\/li>\n<li>Von 6 bis 12 Jahren : 50%<\/li>\n<\/ul>\n\n\t\t<\/div>\n\t<\/div>\n<\/div><\/div><\/div><div class=\"wpb_column vc_column_container vc_col-sm-3\"><div class=\"vc_column-inner\"><div class=\"wpb_wrapper\"><\/div><\/div><\/div><\/div><div class=\"vc_row wpb_row vc_row-fluid\"><div class=\"wpb_column vc_column_container vc_col-sm-2\"><div class=\"vc_column-inner\"><div class=\"wpb_wrapper\"><\/div><\/div><\/div><div class=\"wpb_column vc_column_container vc_col-sm-8\"><div class=\"vc_column-inner\"><div class=\"wpb_wrapper\">\n\t<div class=\"wpb_text_column wpb_content_element\" >\n\t\t<div class=\"wpb_wrapper\">\n\t\t\t<div class=\"vc_row wpb_row vc_row-fluid\">\n<div class=\"wpb_column vc_column_container vc_col-sm-12\">\n<div class=\"vc_column-inner \">\n<div class=\"wpb_wrapper\">\n<div class=\"wpb_text_column wpb_content_element \">\n<div class=\"wpb_wrapper\">\n<p>Wir informieren Sie gern \u00fcber die Sonderkonditionen f\u00fcr Unternehmen oder Langaufenthalte: <a href=\"mailto:info@hotelnegociants.ch\">info@hotelnegociants.ch<\/a><\/p>\n<\/div>\n<\/div>\n<\/div>\n<\/div>\n<\/div>\n<\/div>\n\n\t\t<\/div>\n\t<\/div>\n<div  class=\"vc_do_toggle vc_toggle vc_toggle_default vc_toggle_color_default  vc_toggle_size_md\"><div class=\"vc_toggle_title\"><h4>Bedingungen f\u00fcr Zimmer Buchen<\/h4><i class=\"vc_toggle_icon\"><\/i><\/div><div class=\"vc_toggle_content\"><ol>\n<li><span lang=\"de-CH\">Ein oder mehrere Zimmer in unserem Hotel Durch die Reservierung, der Kunde r\u00e4umt die Preise auf der Website <a href=\"http:\/\/www.hotelnegociants.ch\/\" target=\"_top\">www.hotelnegociants.ch<\/a> angezeigt gelesen und akzeptiert diese Bedingungen.<\/span><\/li>\n<li>\n<p lang=\"de-CH\">Die gennanten Preise beinhalten: den gemieteten Service, Mehrswertsteuer, Breitband-Internet, t\u00e4gliche Reininung.<\/p>\n<\/li>\n<li>\n<p lang=\"de-CH\">Die gennanten Preise beinhalten nicht : das Fr\u00fchst\u00fcck (CHF 15.-\/Person\/tag), Kurtaxe.<\/p>\n<\/li>\n<li>\n<p lang=\"de-CH\">Zahlung : keine Vorauszahlung, Zahlung vor Ort bei der Ankunft.<\/p>\n<\/li>\n<li>\n<p lang=\"de-CH\">Eine Kreditkartennummer ist erforderlich, um Reservierung zu sichern.<\/p>\n<\/li>\n<li>Check-in von 14h00, check-out bis 11h00.<\/li>\n<li>\n<p lang=\"de-CH\">Kinder ab 6 Jahren gelten als Erwachsene gez\u00e4hlt und sollten im Buchungsformular unter \u201cErwachsene\u201d gennant werden.<\/p>\n<\/li>\n<li><span lang=\"de-CH\">Im Falle einer \u00c4nderung der Reservierung, schreiben Sie uns per Email benachrichtigen zu <a href=\"mailto:info@hotelnegociants.ch\" target=\"_top\">info@hotelnegociants.ch<\/a>.<\/span><\/li>\n<li>\n<p lang=\"de-CH\">Sie k\u00f6nnen Ihre Buchung ohne Stornierung bis 48h vor der Ankunft stornieren, nach dem sich das Hotel das Recht vorbeh\u00e4lt, den gesamten Aufenthalt zu verrechnen.<\/p>\n<\/li>\n<li>\n<p lang=\"de-CH\">Die Rezeption ist t\u00e4glich bis 23:00 Uhr, Montag bis Freitag von 06:30 Uhr, am Samstag von 07:00 Uhr, Sonn- und Feiertage von 08:00 Uhr.<\/p>\n<\/li>\n<\/ol>\n<p>&nbsp;<\/p>\n<p>Vevey, den 1. Juny\u00a02017<\/p>\n<\/div><\/div><\/div><\/div><\/div><div class=\"wpb_column vc_column_container vc_col-sm-2\"><div class=\"vc_column-inner\"><div class=\"wpb_wrapper\"><\/div><\/div><\/div><\/div><div class=\"vc_row wpb_row vc_row-fluid\"><div class=\"wpb_column vc_column_container vc_col-sm-3\"><div class=\"vc_column-inner\"><div class=\"wpb_wrapper\"><\/div><\/div><\/div><div class=\"wpb_column vc_column_container vc_col-sm-9\"><div class=\"vc_column-inner\"><div class=\"wpb_wrapper\">[vc_table][b;bg#dd9933]Preise%20in%20Chf,[b;align-center;bg#dd9933]1.%20Januar,[b;align-center;bg#dd9933]1.%20April,[b;align-center;bg#dd9933]1.%20Juli,[b;align-center;bg#dd9933]1.%20September,[b;align-center;bg#dd9933]1.%20November|[b;bg#dd9933],[b;align-center;bg#dd9933]%3E%2031.%20M%C3%A4rz,[b;align-center;bg#dd9933]%3E%2030.%20Juni,[b;align-center;bg#dd9933]%3E%2031.%20August,[b;align-center;bg#dd9933]%3E%2031.%20Oktober,[b;align-center;bg#dd9933]%3E%2031.%20Dezember|[bg#ffffff]1%20Person%20im%20Doppelzimmer,[align-center;bg#ffffff]115.-,[align-center;bg#ffffff]126.-,[align-center;bg#ffffff]137.-,[align-center;bg#ffffff]126.-,[align-center;bg#ffffff]115.-|[bg#dd9933],[align-center;bg#dd9933],[align-center;bg#dd9933],[align-center;bg#dd9933],[align-center;bg#dd9933],[align-center;bg#dd9933]|[bg#ffffff]2%20Personen,[align-center;bg#ffffff]143.-,[align-center;bg#ffffff]165.-,[align-center;bg#ffffff]182.-,[align-center;bg#ffffff]165.-,[align-center;bg#ffffff]143.-|[bg#dd9933],[align-center;bg#dd9933],[align-center;bg#dd9933],[align-center;bg#dd9933],[align-center;bg#dd9933],[align-center;bg#dd9933]|[bg#ffffff]3%20Personen,[align-center;bg#ffffff]209.-,[align-center;bg#ffffff]242.-,[align-center;bg#ffffff]269.-,[align-center;bg#ffffff]242.-,[align-center;bg#ffffff]209.-|[bg#dd9933],[align-center;bg#dd9933],[align-center;bg#dd9933],[align-center;bg#dd9933],[align-center;bg#dd9933],[align-center;bg#dd9933]|[bg#ffffff]1%20Erwachsener%20und%201%20Kind%20(6%E2%80%9312%20Jahre),[align-center;bg#ffffff]126.-,[align-center;bg#ffffff]137.-,[align-center;bg#ffffff]159.-,[align-center;bg#ffffff]137.-,[align-center;bg#ffffff]126.-|[bg#dd9933],[align-center;bg#dd9933],[align-center;bg#dd9933],[align-center;bg#dd9933],[align-center;bg#dd9933],[align-center;bg#dd9933]|[bg#ffffff]1%20Erwachsener%20%2B%202%20Kinder%20(6%E2%80%9312%20Jahre),[align-center;bg#ffffff]159.-,[align-center;bg#ffffff]170.-,[align-center;bg#ffffff]192.-,[align-center;bg#ffffff]170.-,[align-center;bg#ffffff]159.-|[bg#dd9933],[align-center;bg#dd9933],[align-center;bg#dd9933],[align-center;bg#dd9933],[align-center;bg#dd9933],[align-center;bg#dd9933]|[bg#ffffff]2%20Erwachsene%20%2B%201%20Kind%20(6%E2%80%9312%20Jahre),[align-center;bg#ffffff]176.-,[align-center;bg#ffffff]198.-,[align-center;bg#ffffff]220.-,[align-center;bg#ffffff]198.-,[align-center;bg#ffffff]176.-|[bg#dd9933],[align-center;bg#dd9933],[align-center;bg#dd9933],[align-center;bg#dd9933],[align-center;bg#dd9933],[align-center;bg#dd9933]|[bg#ffffff]2%20Erwachsene%20%2B%202%20Kinder%20(6%E2%80%9312%20Jahre),[align-center;bg#ffffff]209.-,[align-center;bg#ffffff]242.-,[align-center;bg#ffffff]269.-,[align-center;bg#ffffff]242.-,[align-center;bg#ffffff]209.-[\/vc_table]<\/div><\/div><\/div><\/div>\n<\/div>","protected":false},"excerpt":{"rendered":"Familienfreundlich Unsere Zimmer Entdecken Sie Allein oder ein Paar ? den Komfort unserer Zimmer Es gibt Platz Gem\u00fctlich f\u00fcr Ihre ganze Familie ... Zimmer 23 Zimmer : Ob allein, zu zweit, in der Gruppe oder mit der Familie \u2013 hier [...]","protected":false},"author":5,"featured_media":0,"parent":0,"menu_order":2,"comment_status":"closed","ping_status":"closed","template":"","meta":{"footnotes":""},"class_list":["post-4838","page","type-page","status-publish","hentry"],"_links":{"self":[{"href":"https:\/\/hotelnegociants.ch\/de\/wp-json\/wp\/v2\/pages\/4838","targetHints":{"allow":["GET"]}}],"collection":[{"href":"https:\/\/hotelnegociants.ch\/de\/wp-json\/wp\/v2\/pages"}],"about":[{"href":"https:\/\/hotelnegociants.ch\/de\/wp-json\/wp\/v2\/types\/page"}],"author":[{"embeddable":true,"href":"https:\/\/hotelnegociants.ch\/de\/wp-json\/wp\/v2\/users\/5"}],"replies":[{"embeddable":true,"href":"https:\/\/hotelnegociants.ch\/de\/wp-json\/wp\/v2\/comments?post=4838"}],"version-history":[{"count":7,"href":"https:\/\/hotelnegociants.ch\/de\/wp-json\/wp\/v2\/pages\/4838\/revisions"}],"predecessor-version":[{"id":5525,"href":"https:\/\/hotelnegociants.ch\/de\/wp-json\/wp\/v2\/pages\/4838\/revisions\/5525"}],"wp:attachment":[{"href":"https:\/\/hotelnegociants.ch\/de\/wp-json\/wp\/v2\/media?parent=4838"}],"curies":[{"name":"wp","href":"https:\/\/api.w.org\/{rel}","templated":true}]}}